{"id":4184,"date":"2022-04-20T03:53:59","date_gmt":"2022-04-20T07:53:59","guid":{"rendered":"https:\/\/pressureweldertraining.com\/terms-and-conditions\/"},"modified":"2024-07-31T02:45:52","modified_gmt":"2024-07-31T06:45:52","slug":"conditions-generales","status":"publish","type":"page","link":"https:\/\/pressureweldertraining.com\/fr\/conditions-generales\/","title":{"rendered":"Conditions g\u00e9n\u00e9rales"},"content":{"rendered":"\t\t<div data-elementor-type=\"wp-page\" data-elementor-id=\"4184\" class=\"elementor elementor-4184 elementor-2721\" data-elementor-post-type=\"page\">\n\t\t\t\t\t\t\t\t\t<section class=\"has_ae_slider elementor-section elementor-top-section elementor-element elementor-element-566f7c4 elementor-section-boxed elementor-section-height-default elementor-section-height-default ae-bg-gallery-type-default\" data-id=\"566f7c4\" data-element_type=\"section\" data-settings=\"{&quot;background_background&quot;:&quot;classic&quot;}\">\n\t\t\t\t\t\t<div class=\"elementor-container elementor-column-gap-default\">\n\t\t\t\t\t<div class=\"has_ae_slider elementor-column elementor-col-100 elementor-top-column elementor-element elementor-element-232ae1a ae-bg-gallery-type-default\" data-id=\"232ae1a\" data-element_type=\"column\" data-settings=\"{&quot;background_background&quot;:&quot;classic&quot;}\">\n\t\t\t<div class=\"elementor-widget-wrap elementor-element-populated\">\n\t\t\t\t\t\t\t\t<section class=\"has_ae_slider elementor-section elementor-inner-section elementor-element elementor-element-b979e93 elementor-section-boxed elementor-section-height-default elementor-section-height-default ae-bg-gallery-type-default\" data-id=\"b979e93\" data-element_type=\"section\">\n\t\t\t\t\t\t<div class=\"elementor-container elementor-column-gap-default\">\n\t\t\t\t\t<div class=\"has_ae_slider elementor-column elementor-col-100 elementor-inner-column elementor-element elementor-element-d70f308 ae-bg-gallery-type-default\" data-id=\"d70f308\" data-element_type=\"column\">\n\t\t\t<div class=\"elementor-widget-wrap elementor-element-populated\">\n\t\t\t\t\t\t\t\t<div class=\"elementor-element elementor-element-aecc3db elementor-widget elementor-widget-html\" data-id=\"aecc3db\" data-element_type=\"widget\" data-widget_type=\"html.default\">\n\t\t\t\t<div class=\"elementor-widget-container\">\n\t\t\t<h1>Conditions g\u00e9n\u00e9rales<\/h1>\t\t<\/div>\n\t\t\t\t<\/div>\n\t\t\t\t<div class=\"elementor-element elementor-element-7693a26 privacy-para elementor-widget elementor-widget-html\" data-id=\"7693a26\" data-element_type=\"widget\" data-widget_type=\"html.default\">\n\t\t\t\t<div class=\"elementor-widget-container\">\n\t\t\t<p>Veuillez lire attentivement les conditions g\u00e9n\u00e9rales d\u2019utilisation suivantes avant d\u2019utiliser ce site. En acc\u00e9dant \u00e0 ce site, nous supposons que vous acceptez ces conditions. Ne continuez pas \u00e0 utiliser ce site si vous n\u2019acceptez pas toutes les conditions \u00e9nonc\u00e9es sur cette page. Nous vous conseillons de consulter r\u00e9guli\u00e8rement les conditions d\u2019utilisation car elles sont susceptibles d\u2019\u00eatre modifi\u00e9es sans pr\u00e9avis.\n<\/p><h2>Licence limit\u00e9e et utilisation<\/h2><p>Le Programme de soudage sous pression vous accorde une licence limit\u00e9e pour afficher le contenu de ce site Web sur votre ordinateur ou tout autre appareil \u00e9lectronique utilis\u00e9 pour acc\u00e9der \u00e0 ce site Web, et pour imprimer, t\u00e9l\u00e9charger et utiliser le mat\u00e9riel de ce site Web uniquement \u00e0 des fins d\u2019information, \u00e0 condition que le contenu de ce site Web ne soit pas modifi\u00e9 de quelque mani\u00e8re que ce soit et que tous les droits d\u2019auteur et autres avis soient maintenus. Vous vous engagez \u00e0 ne pas tenter ou permettre \u00e0 d\u2019autres de le faire, directement ou indirectement, de perturber ou d\u2019entraver, d\u2019alt\u00e9rer ou de modifier ce site Web ou une partie de son contenu.\n<\/p><p>Ce site Web n\u2019est pas destin\u00e9 \u00e0 vous fournir des conseils financiers, comptables, fiscaux ou juridiques personnalis\u00e9s. Il ne doit pas \u00eatre utilis\u00e9 comme substitut aux conseils personnels d\u2019un repr\u00e9sentant du Programme de soudage sous pression ou d\u2019un conseiller professionnel appropri\u00e9.\n<\/p><p>Nous faisons des efforts raisonnables pour maintenir la disponibilit\u00e9 de ce site. Toutefois, il peut arriver que ce site ne soit pas disponible ou que nous jugions n\u00e9cessaire de le fermer pendant un certain temps \u00e0 des fins de maintenance, de mise \u00e0 jour ou d\u2019autres ajustements raisonnables.\n<\/p><p>L\u2019utilisation et le contenu de ce site, y compris les conditions d\u2019utilisation, sont r\u00e9gis par les lois de la province de l\u2019Ontario et les lois du Canada qui y sont applicables, et vous acceptez de vous soumettre \u00e0 la comp\u00e9tence des tribunaux de la province de l\u2019Ontario.\n<\/p><h2>Outils et sites tiers<\/h2><p>Ce site Web contient des liens vers d\u2019autres sites Web qui ne sont pas maintenus ou contr\u00f4l\u00e9s de quelque mani\u00e8re que ce soit par le Programme de soudage sous pression. Les sites Web de tiers sont d\u00e9velopp\u00e9s ind\u00e9pendamment par d\u2019autres parties. Nous ne sommes pas responsables du mat\u00e9riel de ces sites tiers et nous ne garantissons pas l\u2019exactitude de l\u2019information qu\u2019ils contiennent.\n<\/p><h2>Droits d\u2019auteur<\/h2><p>Nul ne peut redistribuer ou reproduire le contenu du site Web ou cr\u00e9er un lien vers ce site Web sans avoir obtenu au pr\u00e9alable l\u2019autorisation \u00e9crite du Programme de soudage sous pression.\n<\/p><p>Si vous souhaitez obtenir l\u2019autorisation de cr\u00e9er un lien, de reproduire ou de republier tout \u00e9l\u00e9ment de ce site, veuillez contacter notre d\u00e9partement \u00ab Marketing et communications \u00bb. Toute violation de nos droits peut donner lieu \u00e0 une action en justice appropri\u00e9e. Le Programme de soudage sous pression d\u00e9cline toute responsabilit\u00e9 pouvant r\u00e9sulter de la reproduction ou de l\u2019utilisation non autoris\u00e9e de l\u2019information contenue sur ce site.\n<\/p><h2>Marques de commerce<\/h2><p>Le Programme de soudage sous pression poss\u00e8de toutes les marques de commerce, logos et noms de domaine, ou en d\u00e9tient la licence, utilis\u00e9s en relation avec les biens et services fournis et affich\u00e9s sur ce site Web. Les marques de commerce sont prot\u00e9g\u00e9es par les lois canadiennes sur les marques de commerce. Tous droits r\u00e9serv\u00e9s.<\/p><h2>Avis de non-responsabilit\u00e9<\/h2><p>L\u2019information fournie sur ce site est fiable au moment de la publication. Le Programme de soudage sous pression ne garantit pas que l\u2019information contenue sur ce site Web est exacte, compl\u00e8te, fiable, v\u00e9rifi\u00e9e, exempte d'erreurs ou adapt\u00e9e \u00e0 un quelconque objectif. Toute information figurant sur ce site Web est susceptible d'\u00eatre modifi\u00e9e sans pr\u00e9avis. Veuillez nous contacter pour obtenir des renseignements plus pr\u00e9cis et plus actuels.\n<\/p><p>  \nVotre utilisation de ce site se fait enti\u00e8rement \u00e0 vos propres risques. Ni le Programme de soudage sous pression, ni aucune de ses soci\u00e9t\u00e9s affili\u00e9es, ni leurs dirigeants, directeurs, employ\u00e9s ou agents, ni aucune personne associ\u00e9e \u00e0 la cr\u00e9ation et \u00e0 la maintenance de ce site ou de son contenu, ne seront responsables de quelque mani\u00e8re que ce soit de tout dommage,\nperte ou pr\u00e9judice (y compris toute perte de donn\u00e9es ou dommage \u00e0 votre syst\u00e8me informatique), quelle qu\u2019en soit la cause, r\u00e9sultant de votre utilisation de ce site ou de l\u2019indisponibilit\u00e9 du site pour votre utilisation, y compris, sans limitation, tout dommage direct, indirect, sp\u00e9cial, de tiers ou cons\u00e9cutif. Nous ne serons pas responsables de toute confiance pr\u00e9judiciable que vous pourriez accorder au site ou \u00e0 son contenu. \n<\/p><p> \nSi l\u2019une de ces conditions est jug\u00e9e invalide ou inapplicable en tout ou en partie, cette invalidit\u00e9 ou inapplicabilit\u00e9 ne s\u2019applique qu\u2019\u00e0 cette condition et toutes les autres conditions resteront pleinement en vigueur.\n<\/p>\n<h2>Pour de plus amples renseignements \n<\/h2><p>Pour de plus amples renseignements concernant les conditions g\u00e9n\u00e9rales d\u2019utilisation de ce site Web, ou pour demander l\u2019autorisation de reproduire ou de distribuer le contenu de ce site ou une partie de celui-ci, veuillez contacter :<br> Programme de soudage sous pression,<br> <a href=\"mailto:privacy@cwbgroup.org\">privacy@cwbgroup.org<\/a><\/p>\t\t<\/div>\n\t\t\t\t<\/div>\n\t\t\t\t\t<\/div>\n\t\t<\/div>\n\t\t\t\t\t\t\t<\/div>\n\t\t<\/section>\n\t\t\t\t\t<\/div>\n\t\t<\/div>\n\t\t\t\t\t\t\t<\/div>\n\t\t<\/section>\n\t\t\t\t\t\t\t<\/div>\n\t\t","protected":false},"excerpt":{"rendered":"<p>Conditions g\u00e9n\u00e9rales Veuillez lire attentivement les conditions g\u00e9n\u00e9rales d\u2019utilisation suivantes avant d\u2019utiliser ce site. En acc\u00e9dant \u00e0 ce site, nous supposons que vous acceptez ces conditions. Ne continuez pas \u00e0 utiliser ce site si vous n\u2019acceptez pas toutes les conditions \u00e9nonc\u00e9es sur cette page. Nous vous conseillons de consulter r\u00e9guli\u00e8rement les conditions d\u2019utilisation car elles&hellip; <a class=\"more-link\" href=\"https:\/\/pressureweldertraining.com\/fr\/conditions-generales\/\">Continue reading <span class=\"screen-reader-text\">Conditions g\u00e9n\u00e9rales<\/span><\/a><\/p>\n","protected":false},"author":1,"featured_media":0,"parent":0,"menu_order":0,"comment_status":"closed","ping_status":"closed","template":"elementor_header_footer","meta":{"_links_to":"","_links_to_target":""},"yoast_head":"<!-- This site is optimized with the Yoast SEO Premium plugin v20.10 (Yoast SEO v20.10) - https:\/\/yoast.com\/wordpress\/plugins\/seo\/ -->\n<title>Conditions g\u00e9n\u00e9rales | Pressure Welder Program<\/title>\n<meta name=\"robots\" content=\"index, follow, max-snippet:-1, max-image-preview:large, max-video-preview:-1\" \/>\n<link rel=\"canonical\" href=\"https:\/\/pressureweldertraining.com\/fr\/conditions-generales\/\" \/>\n<meta property=\"og:locale\" content=\"fr_FR\" \/>\n<meta property=\"og:type\" content=\"article\" \/>\n<meta property=\"og:title\" content=\"Conditions g\u00e9n\u00e9rales\" \/>\n<meta property=\"og:description\" content=\"Conditions g\u00e9n\u00e9rales Veuillez lire attentivement les conditions g\u00e9n\u00e9rales d\u2019utilisation suivantes avant d\u2019utiliser ce site. En acc\u00e9dant \u00e0 ce site, nous supposons que vous acceptez ces conditions. Ne continuez pas \u00e0 utiliser ce site si vous n\u2019acceptez pas toutes les conditions \u00e9nonc\u00e9es sur cette page. Nous vous conseillons de consulter r\u00e9guli\u00e8rement les conditions d\u2019utilisation car elles&hellip; Continue reading Conditions g\u00e9n\u00e9rales\" \/>\n<meta property=\"og:url\" content=\"https:\/\/pressureweldertraining.com\/fr\/conditions-generales\/\" \/>\n<meta property=\"og:site_name\" content=\"Pressure Welder Program\" \/>\n<meta property=\"article:modified_time\" content=\"2024-07-31T06:45:52+00:00\" \/>\n<meta name=\"twitter:card\" content=\"summary_large_image\" \/>\n<meta name=\"twitter:label1\" content=\"Est. reading time\" \/>\n\t<meta name=\"twitter:data1\" content=\"5 minutes\" \/>\n<script type=\"application\/ld+json\" class=\"yoast-schema-graph\">{\"@context\":\"https:\/\/schema.org\",\"@graph\":[{\"@type\":\"WebPage\",\"@id\":\"https:\/\/pressureweldertraining.com\/fr\/conditions-generales\/\",\"url\":\"https:\/\/pressureweldertraining.com\/fr\/conditions-generales\/\",\"name\":\"Conditions g\u00e9n\u00e9rales | Pressure Welder Program\",\"isPartOf\":{\"@id\":\"https:\/\/pressureweldertraining.com\/fr\/#website\"},\"datePublished\":\"2022-04-20T07:53:59+00:00\",\"dateModified\":\"2024-07-31T06:45:52+00:00\",\"breadcrumb\":{\"@id\":\"https:\/\/pressureweldertraining.com\/fr\/conditions-generales\/#breadcrumb\"},\"inLanguage\":\"fr-FR\",\"potentialAction\":[{\"@type\":\"ReadAction\",\"target\":[\"https:\/\/pressureweldertraining.com\/fr\/conditions-generales\/\"]}]},{\"@type\":\"BreadcrumbList\",\"@id\":\"https:\/\/pressureweldertraining.com\/fr\/conditions-generales\/#breadcrumb\",\"itemListElement\":[{\"@type\":\"ListItem\",\"position\":1,\"name\":\"Home\",\"item\":\"https:\/\/pressureweldertraining.com\/fr\/\"},{\"@type\":\"ListItem\",\"position\":2,\"name\":\"Conditions g\u00e9n\u00e9rales\"}]},{\"@type\":\"WebSite\",\"@id\":\"https:\/\/pressureweldertraining.com\/fr\/#website\",\"url\":\"https:\/\/pressureweldertraining.com\/fr\/\",\"name\":\"Pressure Welder Program\",\"description\":\"\",\"publisher\":{\"@id\":\"https:\/\/pressureweldertraining.com\/fr\/#organization\"},\"potentialAction\":[{\"@type\":\"SearchAction\",\"target\":{\"@type\":\"EntryPoint\",\"urlTemplate\":\"https:\/\/pressureweldertraining.com\/fr\/?s={search_term_string}\"},\"query-input\":\"required name=search_term_string\"}],\"inLanguage\":\"fr-FR\"},{\"@type\":\"Organization\",\"@id\":\"https:\/\/pressureweldertraining.com\/fr\/#organization\",\"name\":\"Pressure Welder Program\",\"url\":\"https:\/\/pressureweldertraining.com\/fr\/\",\"logo\":{\"@type\":\"ImageObject\",\"inLanguage\":\"fr-FR\",\"@id\":\"https:\/\/pressureweldertraining.com\/fr\/#\/schema\/logo\/image\/\",\"url\":\"https:\/\/pressureweldertraining.com\/wp-content\/uploads\/2022\/04\/PWP-Logo.svg\",\"contentUrl\":\"https:\/\/pressureweldertraining.com\/wp-content\/uploads\/2022\/04\/PWP-Logo.svg\",\"width\":137,\"height\":46,\"caption\":\"Pressure Welder Program\"},\"image\":{\"@id\":\"https:\/\/pressureweldertraining.com\/fr\/#\/schema\/logo\/image\/\"}}]}<\/script>\n<!-- \/ Yoast SEO Premium plugin. -->","yoast_head_json":{"title":"Conditions g\u00e9n\u00e9rales | Pressure Welder Program","robots":{"index":"index","follow":"follow","max-snippet":"max-snippet:-1","max-image-preview":"max-image-preview:large","max-video-preview":"max-video-preview:-1"},"canonical":"https:\/\/pressureweldertraining.com\/fr\/conditions-generales\/","og_locale":"fr_FR","og_type":"article","og_title":"Conditions g\u00e9n\u00e9rales","og_description":"Conditions g\u00e9n\u00e9rales Veuillez lire attentivement les conditions g\u00e9n\u00e9rales d\u2019utilisation suivantes avant d\u2019utiliser ce site. En acc\u00e9dant \u00e0 ce site, nous supposons que vous acceptez ces conditions. Ne continuez pas \u00e0 utiliser ce site si vous n\u2019acceptez pas toutes les conditions \u00e9nonc\u00e9es sur cette page. Nous vous conseillons de consulter r\u00e9guli\u00e8rement les conditions d\u2019utilisation car elles&hellip; Continue reading Conditions g\u00e9n\u00e9rales","og_url":"https:\/\/pressureweldertraining.com\/fr\/conditions-generales\/","og_site_name":"Pressure Welder Program","article_modified_time":"2024-07-31T06:45:52+00:00","twitter_card":"summary_large_image","twitter_misc":{"Est. reading time":"5 minutes"},"schema":{"@context":"https:\/\/schema.org","@graph":[{"@type":"WebPage","@id":"https:\/\/pressureweldertraining.com\/fr\/conditions-generales\/","url":"https:\/\/pressureweldertraining.com\/fr\/conditions-generales\/","name":"Conditions g\u00e9n\u00e9rales | Pressure Welder Program","isPartOf":{"@id":"https:\/\/pressureweldertraining.com\/fr\/#website"},"datePublished":"2022-04-20T07:53:59+00:00","dateModified":"2024-07-31T06:45:52+00:00","breadcrumb":{"@id":"https:\/\/pressureweldertraining.com\/fr\/conditions-generales\/#breadcrumb"},"inLanguage":"fr-FR","potentialAction":[{"@type":"ReadAction","target":["https:\/\/pressureweldertraining.com\/fr\/conditions-generales\/"]}]},{"@type":"BreadcrumbList","@id":"https:\/\/pressureweldertraining.com\/fr\/conditions-generales\/#breadcrumb","itemListElement":[{"@type":"ListItem","position":1,"name":"Home","item":"https:\/\/pressureweldertraining.com\/fr\/"},{"@type":"ListItem","position":2,"name":"Conditions g\u00e9n\u00e9rales"}]},{"@type":"WebSite","@id":"https:\/\/pressureweldertraining.com\/fr\/#website","url":"https:\/\/pressureweldertraining.com\/fr\/","name":"Pressure Welder Program","description":"","publisher":{"@id":"https:\/\/pressureweldertraining.com\/fr\/#organization"},"potentialAction":[{"@type":"SearchAction","target":{"@type":"EntryPoint","urlTemplate":"https:\/\/pressureweldertraining.com\/fr\/?s={search_term_string}"},"query-input":"required name=search_term_string"}],"inLanguage":"fr-FR"},{"@type":"Organization","@id":"https:\/\/pressureweldertraining.com\/fr\/#organization","name":"Pressure Welder Program","url":"https:\/\/pressureweldertraining.com\/fr\/","logo":{"@type":"ImageObject","inLanguage":"fr-FR","@id":"https:\/\/pressureweldertraining.com\/fr\/#\/schema\/logo\/image\/","url":"https:\/\/pressureweldertraining.com\/wp-content\/uploads\/2022\/04\/PWP-Logo.svg","contentUrl":"https:\/\/pressureweldertraining.com\/wp-content\/uploads\/2022\/04\/PWP-Logo.svg","width":137,"height":46,"caption":"Pressure Welder Program"},"image":{"@id":"https:\/\/pressureweldertraining.com\/fr\/#\/schema\/logo\/image\/"}}]}},"_links":{"self":[{"href":"https:\/\/pressureweldertraining.com\/fr\/wp-json\/wp\/v2\/pages\/4184"}],"collection":[{"href":"https:\/\/pressureweldertraining.com\/fr\/wp-json\/wp\/v2\/pages"}],"about":[{"href":"https:\/\/pressureweldertraining.com\/fr\/wp-json\/wp\/v2\/types\/page"}],"author":[{"embeddable":true,"href":"https:\/\/pressureweldertraining.com\/fr\/wp-json\/wp\/v2\/users\/1"}],"replies":[{"embeddable":true,"href":"https:\/\/pressureweldertraining.com\/fr\/wp-json\/wp\/v2\/comments?post=4184"}],"version-history":[{"count":5,"href":"https:\/\/pressureweldertraining.com\/fr\/wp-json\/wp\/v2\/pages\/4184\/revisions"}],"predecessor-version":[{"id":4189,"href":"https:\/\/pressureweldertraining.com\/fr\/wp-json\/wp\/v2\/pages\/4184\/revisions\/4189"}],"wp:attachment":[{"href":"https:\/\/pressureweldertraining.com\/fr\/wp-json\/wp\/v2\/media?parent=4184"}],"curies":[{"name":"wp","href":"https:\/\/api.w.org\/{rel}","templated":true}]}}